{"id":2,"date":"2023-11-16T22:27:48","date_gmt":"2023-11-17T01:27:48","guid":{"rendered":"https:\/\/ugraab.com\/?page_id=2"},"modified":"2023-11-17T09:13:13","modified_gmt":"2023-11-17T12:13:13","slug":"home","status":"publish","type":"page","link":"https:\/\/ugraab.com\/","title":{"rendered":"Home"},"content":{"rendered":"","protected":false},"excerpt":{"rendered":"","protected":false},"author":1,"featured_media":8,"parent":0,"menu_order":0,"comment_status":"closed","ping_status":"open","template":"template-promo.php","meta":{"footnotes":""},"yoast_head":"<!-- This site is optimized with the Yoast SEO plugin v21.5 - https:\/\/yoast.com\/wordpress\/plugins\/seo\/ -->\n<title>ugraab - Compre e Retire<\/title>\n<meta name=\"description\" content=\"ugraab \u00e9 um aplicativo que conecta consumidores \u00e0s lojas f\u00edsicas pelo &quot;compre e retire&quot;.\" \/>\n<meta name=\"robots\" content=\"index, follow, max-snippet:-1, max-image-preview:large, max-video-preview:-1\" \/>\n<link rel=\"canonical\" href=\"https:\/\/ugraab.com\/\" \/>\n<meta property=\"og:locale\" content=\"en_US\" \/>\n<meta property=\"og:type\" content=\"article\" \/>\n<meta property=\"og:title\" content=\"ugraab - Compre e Retire\" \/>\n<meta property=\"og:description\" content=\"ugraab \u00e9 um aplicativo que conecta consumidores \u00e0s lojas f\u00edsicas pelo &quot;compre e retire&quot;.\" \/>\n<meta property=\"og:url\" content=\"https:\/\/ugraab.com\/\" \/>\n<meta property=\"og:site_name\" content=\"ugraab\" \/>\n<meta property=\"article:modified_time\" content=\"2023-11-17T12:13:13+00:00\" \/>\n<meta property=\"og:image\" content=\"https:\/\/ugraab.com\/wp-content\/uploads\/2023\/11\/ugraab-og.png\" \/>\n\t<meta property=\"og:image:width\" content=\"1080\" \/>\n\t<meta property=\"og:image:height\" content=\"700\" \/>\n\t<meta property=\"og:image:type\" content=\"image\/png\" \/>\n<meta name=\"twitter:card\" content=\"summary_large_image\" \/>\n<script type=\"application\/ld+json\" class=\"yoast-schema-graph\">{\"@context\":\"https:\/\/schema.org\",\"@graph\":[{\"@type\":\"WebPage\",\"@id\":\"https:\/\/ugraab.com\/\",\"url\":\"https:\/\/ugraab.com\/\",\"name\":\"ugraab - Compre e Retire\",\"isPartOf\":{\"@id\":\"https:\/\/ugraab.com\/#website\"},\"datePublished\":\"2023-11-17T01:27:48+00:00\",\"dateModified\":\"2023-11-17T12:13:13+00:00\",\"description\":\"ugraab \u00e9 um aplicativo que conecta consumidores \u00e0s lojas f\u00edsicas pelo \\\"compre e retire\\\".\",\"breadcrumb\":{\"@id\":\"https:\/\/ugraab.com\/#breadcrumb\"},\"inLanguage\":\"en-US\",\"potentialAction\":[{\"@type\":\"ReadAction\",\"target\":[\"https:\/\/ugraab.com\/\"]}]},{\"@type\":\"BreadcrumbList\",\"@id\":\"https:\/\/ugraab.com\/#breadcrumb\",\"itemListElement\":[{\"@type\":\"ListItem\",\"position\":1,\"name\":\"In\u00edcio\",\"item\":\"https:\/\/ugraab.com\/\"},{\"@type\":\"ListItem\",\"position\":2,\"name\":\"Home\"}]},{\"@type\":\"WebSite\",\"@id\":\"https:\/\/ugraab.com\/#website\",\"url\":\"https:\/\/ugraab.com\/\",\"name\":\"ugraab\",\"description\":\"ugraab \u00e9 um aplicativo que conecta consumidores \u00e0s lojas f\u00edsicas pelo &quot;compre e retire&quot;.\",\"alternateName\":\"ugraab\",\"potentialAction\":[{\"@type\":\"SearchAction\",\"target\":{\"@type\":\"EntryPoint\",\"urlTemplate\":\"https:\/\/ugraab.com\/?s={search_term_string}\"},\"query-input\":\"required name=search_term_string\"}],\"inLanguage\":\"en-US\"}]}<\/script>\n<!-- \/ Yoast SEO plugin. -->","yoast_head_json":{"title":"ugraab - Compre e Retire","description":"ugraab \u00e9 um aplicativo que conecta consumidores \u00e0s lojas f\u00edsicas pelo \"compre e retire\".","robots":{"index":"index","follow":"follow","max-snippet":"max-snippet:-1","max-image-preview":"max-image-preview:large","max-video-preview":"max-video-preview:-1"},"canonical":"https:\/\/ugraab.com\/","og_locale":"en_US","og_type":"article","og_title":"ugraab - Compre e Retire","og_description":"ugraab \u00e9 um aplicativo que conecta consumidores \u00e0s lojas f\u00edsicas pelo \"compre e retire\".","og_url":"https:\/\/ugraab.com\/","og_site_name":"ugraab","article_modified_time":"2023-11-17T12:13:13+00:00","og_image":[{"width":1080,"height":700,"url":"https:\/\/ugraab.com\/wp-content\/uploads\/2023\/11\/ugraab-og.png","type":"image\/png"}],"twitter_card":"summary_large_image","schema":{"@context":"https:\/\/schema.org","@graph":[{"@type":"WebPage","@id":"https:\/\/ugraab.com\/","url":"https:\/\/ugraab.com\/","name":"ugraab - Compre e Retire","isPartOf":{"@id":"https:\/\/ugraab.com\/#website"},"datePublished":"2023-11-17T01:27:48+00:00","dateModified":"2023-11-17T12:13:13+00:00","description":"ugraab \u00e9 um aplicativo que conecta consumidores \u00e0s lojas f\u00edsicas pelo \"compre e retire\".","breadcrumb":{"@id":"https:\/\/ugraab.com\/#breadcrumb"},"inLanguage":"en-US","potentialAction":[{"@type":"ReadAction","target":["https:\/\/ugraab.com\/"]}]},{"@type":"BreadcrumbList","@id":"https:\/\/ugraab.com\/#breadcrumb","itemListElement":[{"@type":"ListItem","position":1,"name":"In\u00edcio","item":"https:\/\/ugraab.com\/"},{"@type":"ListItem","position":2,"name":"Home"}]},{"@type":"WebSite","@id":"https:\/\/ugraab.com\/#website","url":"https:\/\/ugraab.com\/","name":"ugraab","description":"ugraab \u00e9 um aplicativo que conecta consumidores \u00e0s lojas f\u00edsicas pelo &quot;compre e retire&quot;.","alternateName":"ugraab","potentialAction":[{"@type":"SearchAction","target":{"@type":"EntryPoint","urlTemplate":"https:\/\/ugraab.com\/?s={search_term_string}"},"query-input":"required name=search_term_string"}],"inLanguage":"en-US"}]}},"_links":{"self":[{"href":"https:\/\/ugraab.com\/index.php\/wp-json\/wp\/v2\/pages\/2"}],"collection":[{"href":"https:\/\/ugraab.com\/index.php\/wp-json\/wp\/v2\/pages"}],"about":[{"href":"https:\/\/ugraab.com\/index.php\/wp-json\/wp\/v2\/types\/page"}],"author":[{"embeddable":true,"href":"https:\/\/ugraab.com\/index.php\/wp-json\/wp\/v2\/users\/1"}],"replies":[{"embeddable":true,"href":"https:\/\/ugraab.com\/index.php\/wp-json\/wp\/v2\/comments?post=2"}],"version-history":[{"count":1,"href":"https:\/\/ugraab.com\/index.php\/wp-json\/wp\/v2\/pages\/2\/revisions"}],"predecessor-version":[{"id":7,"href":"https:\/\/ugraab.com\/index.php\/wp-json\/wp\/v2\/pages\/2\/revisions\/7"}],"wp:featuredmedia":[{"embeddable":true,"href":"https:\/\/ugraab.com\/index.php\/wp-json\/wp\/v2\/media\/8"}],"wp:attachment":[{"href":"https:\/\/ugraab.com\/index.php\/wp-json\/wp\/v2\/media?parent=2"}],"curies":[{"name":"wp","href":"https:\/\/api.w.org\/{rel}","templated":true}]}}